{"id":110,"date":"2025-05-29T18:01:00","date_gmt":"2025-05-29T16:01:00","guid":{"rendered":"https:\/\/huercalometal.com\/?page_id=110"},"modified":"2025-05-30T14:59:15","modified_gmt":"2025-05-30T12:59:15","slug":"quienes-somos","status":"publish","type":"page","link":"https:\/\/huercalometal.com\/?page_id=110","title":{"rendered":"QUIENES SOMOS"},"content":{"rendered":"\t\t<div data-elementor-type=\"wp-page\" data-elementor-id=\"110\" class=\"elementor elementor-110\" data-elementor-post-type=\"page\">\n\t\t\t\t<div class=\"elementor-element elementor-element-5c13fb7 e-flex e-con-boxed e-con e-parent\" data-id=\"5c13fb7\" data-element_type=\"container\" data-e-type=\"container\" data-settings=\"{&quot;background_background&quot;:&quot;classic&quot;}\">\n\t\t\t\t\t<div class=\"e-con-inner\">\n\t\t\t\t<div class=\"elementor-element elementor-element-cf91a11 animated-slow elementor-invisible elementor-widget elementor-widget-heading\" data-id=\"cf91a11\" data-element_type=\"widget\" data-e-type=\"widget\" data-settings=\"{&quot;_animation&quot;:&quot;fadeInDown&quot;}\" data-widget_type=\"heading.default\">\n\t\t\t\t<div class=\"elementor-widget-container\">\n\t\t\t\t\t<h2 class=\"elementor-heading-title elementor-size-default\">QUIENES SOMOS<\/h2>\t\t\t\t<\/div>\n\t\t\t\t<\/div>\n\t\t\t\t\t<\/div>\n\t\t\t\t<\/div>\n\t\t<div class=\"elementor-element elementor-element-7a5a819 e-flex e-con-boxed e-con e-parent\" data-id=\"7a5a819\" data-element_type=\"container\" data-e-type=\"container\">\n\t\t\t\t\t<div class=\"e-con-inner\">\n\t\t\t\t<div class=\"elementor-element elementor-element-594edbd elementor-widget-divider--view-line elementor-widget elementor-widget-divider\" data-id=\"594edbd\" data-element_type=\"widget\" data-e-type=\"widget\" data-widget_type=\"divider.default\">\n\t\t\t\t<div class=\"elementor-widget-container\">\n\t\t\t\t\t\t\t<div class=\"elementor-divider\">\n\t\t\t<span class=\"elementor-divider-separator\">\n\t\t\t\t\t\t<\/span>\n\t\t<\/div>\n\t\t\t\t\t\t<\/div>\n\t\t\t\t<\/div>\n\t\t\t\t\t<\/div>\n\t\t\t\t<\/div>\n\t\t<div class=\"elementor-element elementor-element-e2305ff animated-slow e-flex e-con-boxed elementor-invisible e-con e-parent\" data-id=\"e2305ff\" data-element_type=\"container\" data-e-type=\"container\" data-settings=\"{&quot;animation&quot;:&quot;fadeInUp&quot;}\">\n\t\t\t\t\t<div class=\"e-con-inner\">\n\t\t\t\t<div class=\"elementor-element elementor-element-5515c53 elementor-widget elementor-widget-text-editor\" data-id=\"5515c53\" data-element_type=\"widget\" data-e-type=\"widget\" data-widget_type=\"text-editor.default\">\n\t\t\t\t<div class=\"elementor-widget-container\">\n\t\t\t\t\t\t\t\t\t<p>En <strong>Huercalometal<\/strong>, somos una empresa con m\u00e1s de 25 a\u00f1os de experiencia en el sector del aluminio y PVC, comprometidos con la calidad, la innovaci\u00f3n y la satisfacci\u00f3n de nuestros clientes. Desde nuestros inicios, hemos trabajado con un objetivo claro: ofrecer soluciones duraderas y eficientes, adaptadas a las necesidades de cada proyecto.<\/p><p>Nuestra trayectoria nos ha permitido crecer y evolucionar, incorporando los mejores materiales y las tecnolog\u00edas m\u00e1s avanzadas del mercado. Gracias a ello, nos hemos consolidado como una empresa de referencia, ofreciendo productos que combinan dise\u00f1o, resistencia y funcionalidad.<\/p>\t\t\t\t\t\t\t\t<\/div>\n\t\t\t\t<\/div>\n\t\t\t\t\t<\/div>\n\t\t\t\t<\/div>\n\t\t<div class=\"elementor-element elementor-element-1ac51c1 e-flex e-con-boxed e-con e-parent\" data-id=\"1ac51c1\" data-element_type=\"container\" data-e-type=\"container\">\n\t\t\t\t\t<div class=\"e-con-inner\">\n\t\t\t\t<div class=\"elementor-element elementor-element-cbf67de elementor-widget-divider--view-line elementor-widget elementor-widget-divider\" data-id=\"cbf67de\" data-element_type=\"widget\" data-e-type=\"widget\" data-widget_type=\"divider.default\">\n\t\t\t\t<div class=\"elementor-widget-container\">\n\t\t\t\t\t\t\t<div class=\"elementor-divider\">\n\t\t\t<span class=\"elementor-divider-separator\">\n\t\t\t\t\t\t<\/span>\n\t\t<\/div>\n\t\t\t\t\t\t<\/div>\n\t\t\t\t<\/div>\n\t\t\t\t\t<\/div>\n\t\t\t\t<\/div>\n\t\t<div class=\"elementor-element elementor-element-976744b animated-slow e-flex e-con-boxed elementor-invisible e-con e-parent\" data-id=\"976744b\" data-element_type=\"container\" data-e-type=\"container\" data-settings=\"{&quot;animation&quot;:&quot;fadeIn&quot;}\">\n\t\t\t\t\t<div class=\"e-con-inner\">\n\t\t\t\t<div class=\"elementor-element elementor-element-82d7eb0 elementor-widget elementor-widget-text-editor\" data-id=\"82d7eb0\" data-element_type=\"widget\" data-e-type=\"widget\" data-widget_type=\"text-editor.default\">\n\t\t\t\t<div class=\"elementor-widget-container\">\n\t\t\t\t\t\t\t\t\t<p>Pero m\u00e1s all\u00e1 de la calidad de nuestros productos, lo que realmente nos define es nuestro compromiso con cada cliente. Apostamos por un trato cercano y asesoramiento personalizado, porque entendemos que cada proyecto es \u00fanico y merece la m\u00e1xima atenci\u00f3n.<\/p>\t\t\t\t\t\t\t\t<\/div>\n\t\t\t\t<\/div>\n\t\t\t\t\t<\/div>\n\t\t\t\t<\/div>\n\t\t<div class=\"elementor-element elementor-element-ea404fc e-flex e-con-boxed e-con e-parent\" data-id=\"ea404fc\" data-element_type=\"container\" data-e-type=\"container\">\n\t\t\t\t\t<div class=\"e-con-inner\">\n\t\t\t\t<div class=\"elementor-element elementor-element-6731e71 elementor-widget-divider--view-line elementor-widget elementor-widget-divider\" data-id=\"6731e71\" data-element_type=\"widget\" data-e-type=\"widget\" data-widget_type=\"divider.default\">\n\t\t\t\t<div class=\"elementor-widget-container\">\n\t\t\t\t\t\t\t<div class=\"elementor-divider\">\n\t\t\t<span class=\"elementor-divider-separator\">\n\t\t\t\t\t\t<\/span>\n\t\t<\/div>\n\t\t\t\t\t\t<\/div>\n\t\t\t\t<\/div>\n\t\t\t\t\t<\/div>\n\t\t\t\t<\/div>\n\t\t<div class=\"elementor-element elementor-element-4d167dd animated-slow e-flex e-con-boxed elementor-invisible e-con e-parent\" data-id=\"4d167dd\" data-element_type=\"container\" data-e-type=\"container\" data-settings=\"{&quot;background_background&quot;:&quot;classic&quot;,&quot;shape_divider_top&quot;:&quot;pyramids&quot;,&quot;shape_divider_bottom&quot;:&quot;pyramids&quot;,&quot;animation&quot;:&quot;fadeInRight&quot;}\">\n\t\t\t\t\t<div class=\"e-con-inner\">\n\t\t\t\t<div class=\"elementor-shape elementor-shape-top\" aria-hidden=\"true\" data-negative=\"false\">\n\t\t\t<svg xmlns=\"http:\/\/www.w3.org\/2000\/svg\" viewBox=\"0 0 1000 100\" preserveAspectRatio=\"none\">\n\t<path class=\"elementor-shape-fill\" d=\"M761.9,44.1L643.1,27.2L333.8,98L0,3.8V0l1000,0v3.9\"\/>\n<\/svg>\t\t<\/div>\n\t\t\t\t<div class=\"elementor-shape elementor-shape-bottom\" aria-hidden=\"true\" data-negative=\"false\">\n\t\t\t<svg xmlns=\"http:\/\/www.w3.org\/2000\/svg\" viewBox=\"0 0 1000 100\" preserveAspectRatio=\"none\">\n\t<path class=\"elementor-shape-fill\" d=\"M761.9,44.1L643.1,27.2L333.8,98L0,3.8V0l1000,0v3.9\"\/>\n<\/svg>\t\t<\/div>\n\t\t\t\t<div class=\"elementor-element elementor-element-741b561 elementor-widget elementor-widget-heading\" data-id=\"741b561\" data-element_type=\"widget\" data-e-type=\"widget\" data-widget_type=\"heading.default\">\n\t\t\t\t<div class=\"elementor-widget-container\">\n\t\t\t\t\t<h2 class=\"elementor-heading-title elementor-size-default\">\u00bfNECESITAS M\u00c1S INFORMACI\u00d3N?<\/h2>\t\t\t\t<\/div>\n\t\t\t\t<\/div>\n\t\t\t\t<div class=\"elementor-element elementor-element-84ab037 elementor-widget elementor-widget-button\" data-id=\"84ab037\" data-element_type=\"widget\" data-e-type=\"widget\" data-widget_type=\"button.default\">\n\t\t\t\t<div class=\"elementor-widget-container\">\n\t\t\t\t\t\t\t\t\t<div class=\"elementor-button-wrapper\">\n\t\t\t\t\t<a class=\"elementor-button elementor-button-link elementor-size-sm\" href=\"#\">\n\t\t\t\t\t\t<span class=\"elementor-button-content-wrapper\">\n\t\t\t\t\t\t\t\t\t<span class=\"elementor-button-text\">Cont\u00e1ctanos sin compromiso<\/span>\n\t\t\t\t\t<\/span>\n\t\t\t\t\t<\/a>\n\t\t\t\t<\/div>\n\t\t\t\t\t\t\t\t<\/div>\n\t\t\t\t<\/div>\n\t\t\t\t\t<\/div>\n\t\t\t\t<\/div>\n\t\t<div class=\"elementor-element elementor-element-83fc4e3 e-flex e-con-boxed e-con e-parent\" data-id=\"83fc4e3\" data-element_type=\"container\" data-e-type=\"container\">\n\t\t\t\t\t<div class=\"e-con-inner\">\n\t\t\t\t<div class=\"elementor-element elementor-element-b1d76cc elementor-widget-divider--view-line elementor-widget elementor-widget-divider\" data-id=\"b1d76cc\" data-element_type=\"widget\" data-e-type=\"widget\" data-widget_type=\"divider.default\">\n\t\t\t\t<div class=\"elementor-widget-container\">\n\t\t\t\t\t\t\t<div class=\"elementor-divider\">\n\t\t\t<span class=\"elementor-divider-separator\">\n\t\t\t\t\t\t<\/span>\n\t\t<\/div>\n\t\t\t\t\t\t<\/div>\n\t\t\t\t<\/div>\n\t\t\t\t\t<\/div>\n\t\t\t\t<\/div>\n\t\t\t\t<\/div>\n\t\t","protected":false},"excerpt":{"rendered":"<p>QUIENES SOMOS En Huercalometal, somos una empresa con m\u00e1s de 25 a\u00f1os de experiencia en el sector del aluminio y [&hellip;]<\/p>\n","protected":false},"author":1,"featured_media":0,"parent":0,"menu_order":0,"comment_status":"closed","ping_status":"closed","template":"","meta":{"site-sidebar-layout":"no-sidebar","site-content-layout":"","ast-site-content-layout":"full-width-container","site-content-style":"default","site-sidebar-style":"default","ast-global-header-display":"","ast-banner-title-visibility":"","ast-main-header-display":"","ast-hfb-above-header-display":"","ast-hfb-below-header-display":"","ast-hfb-mobile-header-display":"","site-post-title":"disabled","ast-breadcrumbs-content":"","ast-featured-img":"disabled","footer-sml-layout":"","theme-transparent-header-meta":"","adv-header-id-meta":"","stick-header-meta":"","header-above-stick-meta":"","header-main-stick-meta":"","header-below-stick-meta":"","astra-migrate-meta-layouts":"default","ast-page-background-enabled":"default","ast-page-background-meta":{"desktop":{"background-color":"var(--ast-global-color-5)","background-image":"","background-repeat":"repeat","background-position":"center center","background-size":"auto","background-attachment":"scroll","background-type":"","background-media":"","overlay-type":"","overlay-color":"","overlay-opacity":"","overlay-gradient":""},"tablet":{"background-color":"","background-image":"","background-repeat":"repeat","background-position":"center center","background-size":"auto","background-attachment":"scroll","background-type":"","background-media":"","overlay-type":"","overlay-color":"","overlay-opacity":"","overlay-gradient":""},"mobile":{"background-color":"","background-image":"","background-repeat":"repeat","background-position":"center center","background-size":"auto","background-attachment":"scroll","background-type":"","background-media":"","overlay-type":"","overlay-color":"","overlay-opacity":"","overlay-gradient":""}},"ast-content-background-meta":{"desktop":{"background-color":"var(--ast-global-color-4)","background-image":"","background-repeat":"repeat","background-position":"center center","background-size":"auto","background-attachment":"scroll","background-type":"","background-media":"","overlay-type":"","overlay-color":"","overlay-opacity":"","overlay-gradient":""},"tablet":{"background-color":"var(--ast-global-color-4)","background-image":"","background-repeat":"repeat","background-position":"center center","background-size":"auto","background-attachment":"scroll","background-type":"","background-media":"","overlay-type":"","overlay-color":"","overlay-opacity":"","overlay-gradient":""},"mobile":{"background-color":"var(--ast-global-color-4)","background-image":"","background-repeat":"repeat","background-position":"center center","background-size":"auto","background-attachment":"scroll","background-type":"","background-media":"","overlay-type":"","overlay-color":"","overlay-opacity":"","overlay-gradient":""}},"footnotes":""},"class_list":["post-110","page","type-page","status-publish","hentry"],"yoast_head":"<!-- This site is optimized with the Yoast SEO plugin v25.2 - https:\/\/yoast.com\/wordpress\/plugins\/seo\/ -->\n<title>QUIENES SOMOS - Huercalometal<\/title>\n<meta name=\"robots\" content=\"index, follow, max-snippet:-1, max-image-preview:large, max-video-preview:-1\" \/>\n<link rel=\"canonical\" href=\"https:\/\/huercalometal.com\/?page_id=110\" \/>\n<meta property=\"og:locale\" content=\"es_ES\" \/>\n<meta property=\"og:type\" content=\"article\" \/>\n<meta property=\"og:title\" content=\"QUIENES SOMOS - Huercalometal\" \/>\n<meta property=\"og:description\" content=\"QUIENES SOMOS En Huercalometal, somos una empresa con m\u00e1s de 25 a\u00f1os de experiencia en el sector del aluminio y [&hellip;]\" \/>\n<meta property=\"og:url\" content=\"https:\/\/huercalometal.com\/?page_id=110\" \/>\n<meta property=\"og:site_name\" content=\"Huercalometal\" \/>\n<meta property=\"article:modified_time\" content=\"2025-05-30T12:59:15+00:00\" \/>\n<meta name=\"twitter:card\" content=\"summary_large_image\" \/>\n<meta name=\"twitter:label1\" content=\"Tiempo de lectura\" \/>\n\t<meta name=\"twitter:data1\" content=\"1 minuto\" \/>\n<script type=\"application\/ld+json\" class=\"yoast-schema-graph\">{\"@context\":\"https:\/\/schema.org\",\"@graph\":[{\"@type\":\"WebPage\",\"@id\":\"https:\/\/huercalometal.com\/?page_id=110\",\"url\":\"https:\/\/huercalometal.com\/?page_id=110\",\"name\":\"QUIENES SOMOS - Huercalometal\",\"isPartOf\":{\"@id\":\"https:\/\/huercalometal.com\/#website\"},\"datePublished\":\"2025-05-29T16:01:00+00:00\",\"dateModified\":\"2025-05-30T12:59:15+00:00\",\"breadcrumb\":{\"@id\":\"https:\/\/huercalometal.com\/?page_id=110#breadcrumb\"},\"inLanguage\":\"es\",\"potentialAction\":[{\"@type\":\"ReadAction\",\"target\":[\"https:\/\/huercalometal.com\/?page_id=110\"]}]},{\"@type\":\"BreadcrumbList\",\"@id\":\"https:\/\/huercalometal.com\/?page_id=110#breadcrumb\",\"itemListElement\":[{\"@type\":\"ListItem\",\"position\":1,\"name\":\"Portada\",\"item\":\"https:\/\/huercalometal.com\/\"},{\"@type\":\"ListItem\",\"position\":2,\"name\":\"QUIENES SOMOS\"}]},{\"@type\":\"WebSite\",\"@id\":\"https:\/\/huercalometal.com\/#website\",\"url\":\"https:\/\/huercalometal.com\/\",\"name\":\"Huercalometal\",\"description\":\"\",\"publisher\":{\"@id\":\"https:\/\/huercalometal.com\/#organization\"},\"potentialAction\":[{\"@type\":\"SearchAction\",\"target\":{\"@type\":\"EntryPoint\",\"urlTemplate\":\"https:\/\/huercalometal.com\/?s={search_term_string}\"},\"query-input\":{\"@type\":\"PropertyValueSpecification\",\"valueRequired\":true,\"valueName\":\"search_term_string\"}}],\"inLanguage\":\"es\"},{\"@type\":\"Organization\",\"@id\":\"https:\/\/huercalometal.com\/#organization\",\"name\":\"Huercalometal\",\"url\":\"https:\/\/huercalometal.com\/\",\"logo\":{\"@type\":\"ImageObject\",\"inLanguage\":\"es\",\"@id\":\"https:\/\/huercalometal.com\/#\/schema\/logo\/image\/\",\"url\":\"https:\/\/huercalometal.com\/wp-content\/uploads\/2025\/05\/LOGO-e1748526089969.png\",\"contentUrl\":\"https:\/\/huercalometal.com\/wp-content\/uploads\/2025\/05\/LOGO-e1748526089969.png\",\"width\":820,\"height\":411,\"caption\":\"Huercalometal\"},\"image\":{\"@id\":\"https:\/\/huercalometal.com\/#\/schema\/logo\/image\/\"}}]}<\/script>\n<!-- \/ Yoast SEO plugin. -->","yoast_head_json":{"title":"QUIENES SOMOS - Huercalometal","robots":{"index":"index","follow":"follow","max-snippet":"max-snippet:-1","max-image-preview":"max-image-preview:large","max-video-preview":"max-video-preview:-1"},"canonical":"https:\/\/huercalometal.com\/?page_id=110","og_locale":"es_ES","og_type":"article","og_title":"QUIENES SOMOS - Huercalometal","og_description":"QUIENES SOMOS En Huercalometal, somos una empresa con m\u00e1s de 25 a\u00f1os de experiencia en el sector del aluminio y [&hellip;]","og_url":"https:\/\/huercalometal.com\/?page_id=110","og_site_name":"Huercalometal","article_modified_time":"2025-05-30T12:59:15+00:00","twitter_card":"summary_large_image","twitter_misc":{"Tiempo de lectura":"1 minuto"},"schema":{"@context":"https:\/\/schema.org","@graph":[{"@type":"WebPage","@id":"https:\/\/huercalometal.com\/?page_id=110","url":"https:\/\/huercalometal.com\/?page_id=110","name":"QUIENES SOMOS - Huercalometal","isPartOf":{"@id":"https:\/\/huercalometal.com\/#website"},"datePublished":"2025-05-29T16:01:00+00:00","dateModified":"2025-05-30T12:59:15+00:00","breadcrumb":{"@id":"https:\/\/huercalometal.com\/?page_id=110#breadcrumb"},"inLanguage":"es","potentialAction":[{"@type":"ReadAction","target":["https:\/\/huercalometal.com\/?page_id=110"]}]},{"@type":"BreadcrumbList","@id":"https:\/\/huercalometal.com\/?page_id=110#breadcrumb","itemListElement":[{"@type":"ListItem","position":1,"name":"Portada","item":"https:\/\/huercalometal.com\/"},{"@type":"ListItem","position":2,"name":"QUIENES SOMOS"}]},{"@type":"WebSite","@id":"https:\/\/huercalometal.com\/#website","url":"https:\/\/huercalometal.com\/","name":"Huercalometal","description":"","publisher":{"@id":"https:\/\/huercalometal.com\/#organization"},"potentialAction":[{"@type":"SearchAction","target":{"@type":"EntryPoint","urlTemplate":"https:\/\/huercalometal.com\/?s={search_term_string}"},"query-input":{"@type":"PropertyValueSpecification","valueRequired":true,"valueName":"search_term_string"}}],"inLanguage":"es"},{"@type":"Organization","@id":"https:\/\/huercalometal.com\/#organization","name":"Huercalometal","url":"https:\/\/huercalometal.com\/","logo":{"@type":"ImageObject","inLanguage":"es","@id":"https:\/\/huercalometal.com\/#\/schema\/logo\/image\/","url":"https:\/\/huercalometal.com\/wp-content\/uploads\/2025\/05\/LOGO-e1748526089969.png","contentUrl":"https:\/\/huercalometal.com\/wp-content\/uploads\/2025\/05\/LOGO-e1748526089969.png","width":820,"height":411,"caption":"Huercalometal"},"image":{"@id":"https:\/\/huercalometal.com\/#\/schema\/logo\/image\/"}}]}},"_links":{"self":[{"href":"https:\/\/huercalometal.com\/index.php?rest_route=\/wp\/v2\/pages\/110","targetHints":{"allow":["GET"]}}],"collection":[{"href":"https:\/\/huercalometal.com\/index.php?rest_route=\/wp\/v2\/pages"}],"about":[{"href":"https:\/\/huercalometal.com\/index.php?rest_route=\/wp\/v2\/types\/page"}],"author":[{"embeddable":true,"href":"https:\/\/huercalometal.com\/index.php?rest_route=\/wp\/v2\/users\/1"}],"replies":[{"embeddable":true,"href":"https:\/\/huercalometal.com\/index.php?rest_route=%2Fwp%2Fv2%2Fcomments&post=110"}],"version-history":[{"count":22,"href":"https:\/\/huercalometal.com\/index.php?rest_route=\/wp\/v2\/pages\/110\/revisions"}],"predecessor-version":[{"id":292,"href":"https:\/\/huercalometal.com\/index.php?rest_route=\/wp\/v2\/pages\/110\/revisions\/292"}],"wp:attachment":[{"href":"https:\/\/huercalometal.com\/index.php?rest_route=%2Fwp%2Fv2%2Fmedia&parent=110"}],"curies":[{"name":"wp","href":"https:\/\/api.w.org\/{rel}","templated":true}]}}